{"id":1618,"date":"2026-04-04T14:14:21","date_gmt":"2026-04-04T12:14:21","guid":{"rendered":"http:\/\/s1090380728.sito-web-online.it\/?page_id=1618"},"modified":"2026-04-04T14:14:21","modified_gmt":"2026-04-04T12:14:21","slug":"dona-ora","status":"publish","type":"page","link":"https:\/\/emimei.com\/de\/dona-ora\/","title":{"rendered":"Spenden"},"content":{"rendered":"<p>Il vostro contributo<\/p>\n\n\n\n<h2 class=\"wp-block-heading\">Se desiderate sostenere i progetti di EMIMEI<\/h2>\n\n\n\n<p><em>&#8220;In ogni cosa vi ho mostrato che bisogna venire in aiuto ai deboli lavorando cos\u00ec, e ricordarsi delle parole del Signore Ges\u00f9, il quale disse egli stesso: &#8220;Vi \u00e8 pi\u00f9 gioia nel dare che nel ricevere.&#8221;<\/em>&nbsp;Atti 20:35&nbsp;<\/p>\n\n\n\n<h6 class=\"wp-block-heading\">Progetti sostenuti dalle vostre donazioni<\/h6>\n\n\n\n<ul class=\"wp-block-list\">\n<li><strong>Centro EMMAUS &#8211; Roccella Jonica &#8211; Calabria<\/strong><\/li>\n\n\n\n<li><strong>Evangelizzazione per Televisione<\/strong><\/li>\n\n\n\n<li><strong>Evangelizzazione negli ospedali<\/strong><\/li>\n\n\n\n<li><strong>Evangelizzazione nelle carceri<\/strong><\/li>\n\n\n\n<li><strong>Evangelizzazione: prodotti per evangelizzare (stampa di opuscoli e libri, sviluppo di programmi sui social)<\/strong><\/li>\n\n\n\n<li><strong>Scuola Arca di No\u00e9<\/strong><\/li>\n\n\n\n<li><strong>Progetti Umanitari<\/strong><\/li>\n\n\n\n<li><strong>Missione: contributo a sostegno di giovani missionari e pastori in difficolt\u00e0\u00a0<\/strong><\/li>\n<\/ul>\n\n\n\n<h4 class=\"wp-block-heading\">Ogni donazione rinforza i nostri diversi ministeri. Vi ringraziamo di vero cuore per la vostra generosit\u00e0.&nbsp;<\/h4>\n\n\n\n<h5 class=\"wp-block-heading\">Per effettuare bonifici ai Progetti, troverete di seguito<br>i dettagli del conto bancario di EMIMEI:<\/h5>\n\n\n\n<h1 class=\"wp-block-heading\">&#8211;<\/h1>\n\n\n\n<h5 class=\"wp-block-heading\">Bonifico Schwyzer Kantonalbank Konto 923264-3642<br>Intestatario ed indirizzo:<br>Emimei, CH 6318 Walchwil<\/h5>\n\n\n\n<h5 class=\"wp-block-heading\">Beneficiario: Verein EMIMEI<br>IBAN: CH59 0077 7009 2326 4364 2<br>Swift Code\/BIC:&nbsp;<a href=\"https:\/\/it.ibancalculator.com\/iban_validieren.html#\" target=\"_blank\" rel=\"noreferrer noopener\">KBSZCH22XXX&nbsp;<\/a><\/h5>\n\n\n\n<p>Indirizzo della banca:<\/p>\n\n\n\n<p>Schwyzer Kantonalbank<\/p>\n\n\n\n<p>CH-6410 Goldau<\/p>\n\n\n\n<h1 class=\"wp-block-heading\">&#8211;<\/h1>\n\n\n\n<h5 class=\"wp-block-heading\">Bonifico Schwyzer Kantonalbank Konto 923264-3642<br>Intestatario ed indirizzo:<br>Emimei, CH 6318 Walchwil<\/h5>\n\n\n\n<h5 class=\"wp-block-heading\">Beneficiario: Verein EMIMEI<br>IBAN: CH59 0077 7009 2326 4364 2<br>Swift Code\/BIC:&nbsp;<a>KBSZCH22XXX&nbsp;<\/a><\/h5>\n\n\n\n<p>B\u00e9n\u00e9ficiaire: Verein EMIMEI<br>IBAN: CH59 0077 7009 2326 4364 2<br>Swift Code\/BIC:&nbsp;KBSZCH22XXX&nbsp;<\/p>\n\n\n\n<figure class=\"wp-block-image\"><img decoding=\"async\" src=\"https:\/\/static.wixstatic.com\/media\/09b99f_db80fed4f4e9432ba9365609820023a2~mv2.png\/v1\/fill\/w_145,h_137,al_c,q_85,usm_0.66_1.00_0.01,enc_avif,quality_auto\/SOS-%20Bozza%20Sito_edited.png\" alt=\"SOS- Bozza Sito_edited.png\"\/><\/figure>\n\n\n\n<p>Nel campo \u00abCausale\u00bb potete indicare il progetto specifico della vostra donazione.<br>Cortesemente, indicate anche il vostro indirizzo e-mail, in modo da potervi inviare la ricevuta della donazione.<br>Grazie!<\/p>\n\n\n\n<h6 class=\"wp-block-heading\">Per ulteriori informazioni:<\/h6>\n\n\n\n<p>Indirizzo:<\/p>\n\n\n\n<p>Unterdorfstrasse 1<\/p>\n\n\n\n<p>CH-6276 Hohenrain<\/p>\n\n\n\n<p>Tel.: +41 (0)79 756 88 01<\/p>\n\n\n\n<p>E-mail:&nbsp;<a href=\"mailto:info@emimei.org\">info@emimei.org<\/a><\/p>\n\n\n\n<p>\u200b<\/p>","protected":false},"excerpt":{"rendered":"<p>Il vostro contributo Se desiderate sostenere i progetti di EMIMEI &#8220;In ogni cosa vi ho mostrato che bisogna venire in aiuto ai deboli lavorando cos\u00ec, e ricordarsi delle parole del Signore Ges\u00f9, il quale disse egli stesso: &#8220;Vi \u00e8 pi\u00f9 gioia nel dare che nel ricevere.&#8221;&nbsp;Atti 20:35&nbsp; Progetti sostenuti dalle vostre donazioni Ogni donazione rinforza&#8230;<\/p>","protected":false},"author":1,"featured_media":0,"parent":0,"menu_order":0,"comment_status":"closed","ping_status":"closed","template":"","meta":{"give_campaign_id":0,"_kad_post_transparent":"","_kad_post_title":"","_kad_post_layout":"","_kad_post_sidebar_id":"","_kad_post_content_style":"","_kad_post_vertical_padding":"","_kad_post_feature":"","_kad_post_feature_position":"","_kad_post_header":false,"_kad_post_footer":false,"_kad_post_classname":"","footnotes":""},"class_list":["post-1618","page","type-page","status-publish","hentry"],"campaignId":"","_links":{"self":[{"href":"https:\/\/emimei.com\/de\/wp-json\/wp\/v2\/pages\/1618","targetHints":{"allow":["GET"]}}],"collection":[{"href":"https:\/\/emimei.com\/de\/wp-json\/wp\/v2\/pages"}],"about":[{"href":"https:\/\/emimei.com\/de\/wp-json\/wp\/v2\/types\/page"}],"author":[{"embeddable":true,"href":"https:\/\/emimei.com\/de\/wp-json\/wp\/v2\/users\/1"}],"replies":[{"embeddable":true,"href":"https:\/\/emimei.com\/de\/wp-json\/wp\/v2\/comments?post=1618"}],"version-history":[{"count":1,"href":"https:\/\/emimei.com\/de\/wp-json\/wp\/v2\/pages\/1618\/revisions"}],"predecessor-version":[{"id":1619,"href":"https:\/\/emimei.com\/de\/wp-json\/wp\/v2\/pages\/1618\/revisions\/1619"}],"wp:attachment":[{"href":"https:\/\/emimei.com\/de\/wp-json\/wp\/v2\/media?parent=1618"}],"curies":[{"name":"wp","href":"https:\/\/api.w.org\/{rel}","templated":true}]}}