{"id":1655,"date":"2026-04-04T15:16:10","date_gmt":"2026-04-04T13:16:10","guid":{"rendered":"http:\/\/s1090380728.sito-web-online.it\/?page_id=1655"},"modified":"2026-04-04T19:41:54","modified_gmt":"2026-04-04T17:41:54","slug":"homev2","status":"publish","type":"page","link":"https:\/\/emimei.com\/de\/","title":{"rendered":"Home"},"content":{"rendered":"<div class=\"wp-block-cover alignfull has-large-font-size\" style=\"margin-top:0;margin-bottom:0;padding-top:var(--wp--preset--spacing--40);padding-right:var(--wp--preset--spacing--40);padding-bottom:var(--wp--preset--spacing--40);padding-left:var(--wp--preset--spacing--40)\"><img loading=\"lazy\" decoding=\"async\" width=\"1024\" height=\"559\" class=\"wp-block-cover__image-background wp-image-1489 size-large\" alt=\"\" src=\"http:\/\/emimei.com\/wp-content\/uploads\/2026\/04\/Gemini_Generated_Image_zcox7lzcox7lzcox-1024x559.png\" data-object-fit=\"cover\" srcset=\"https:\/\/emimei.com\/wp-content\/uploads\/2026\/04\/Gemini_Generated_Image_zcox7lzcox7lzcox-1024x559.png 1024w, https:\/\/emimei.com\/wp-content\/uploads\/2026\/04\/Gemini_Generated_Image_zcox7lzcox7lzcox-300x164.png 300w, https:\/\/emimei.com\/wp-content\/uploads\/2026\/04\/Gemini_Generated_Image_zcox7lzcox7lzcox-768x419.png 768w, https:\/\/emimei.com\/wp-content\/uploads\/2026\/04\/Gemini_Generated_Image_zcox7lzcox7lzcox-1536x838.png 1536w, https:\/\/emimei.com\/wp-content\/uploads\/2026\/04\/Gemini_Generated_Image_zcox7lzcox7lzcox-2048x1117.png 2048w\" sizes=\"auto, (max-width: 1024px) 100vw, 1024px\" \/><span aria-hidden=\"true\" class=\"wp-block-cover__background has-background-dim-0 has-background-dim\" style=\"background-color:#46637a\"><\/span><div class=\"wp-block-cover__inner-container is-layout-constrained wp-container-core-cover-is-layout-b8a0c8d1 wp-block-cover-is-layout-constrained\"><style>.kadence-column1655_5bbeea-a1 > .kt-inside-inner-col,.kadence-column1655_5bbeea-a1 > .kt-inside-inner-col:before{border-top-left-radius:0px;border-top-right-radius:0px;border-bottom-right-radius:0px;border-bottom-left-radius:0px;}.kadence-column1655_5bbeea-a1 > .kt-inside-inner-col{column-gap:var(--global-kb-gap-sm, 1rem);}.kadence-column1655_5bbeea-a1 > .kt-inside-inner-col{flex-direction:column;}.kadence-column1655_5bbeea-a1 > .kt-inside-inner-col > .aligncenter{width:100%;}.kadence-column1655_5bbeea-a1 > .kt-inside-inner-col:before{opacity:0.3;}.kadence-column1655_5bbeea-a1{position:relative;}@media all and (max-width: 1024px){.kadence-column1655_5bbeea-a1 > .kt-inside-inner-col{flex-direction:column;justify-content:center;}}@media all and (max-width: 767px){.kadence-column1655_5bbeea-a1 > .kt-inside-inner-col{flex-direction:column;justify-content:center;}}<\/style>\n<div class=\"wp-block-kadence-column kadence-column1655_5bbeea-a1\"><div class=\"kt-inside-inner-col\">\n<h1 class=\"wp-block-heading has-text-align-center has-xxlarge-font-size\" style=\"border-style:none;border-width:0px;margin-top:var(--wp--preset--spacing--40);margin-right:var(--wp--preset--spacing--40);margin-bottom:var(--wp--preset--spacing--40);margin-left:var(--wp--preset--spacing--40)\">EMIMEI<\/h1>\n\n\n\n<h2 class=\"wp-block-heading has-text-align-center has-medium-font-size\">Evangelisches Missionswerk in Italien&nbsp; &nbsp; Mission Evang\u00e9lique en Italie<br>Evangelical Mission in Italy&nbsp; &nbsp; Missione Evangelica in Italia<\/h2>\n<\/div><\/div>\n<\/div><\/div>\n\n\n\n<p class=\"has-medium-font-size\"><br>Das ist das Akronym f\u00fcr:<br>Evangelisches Missionswerk in Italien, Mission Evang\u00e9lique en Italie,<br>Evangelical Mission in Italy, Missione Evangelica in Italia.<br>Die Vereinigung besteht aus Freunden des Werkes des Herrn in Italien, die seit den 1960er Jahren die Abenteuer der Bretscher-Ehepaare verfolgt haben und die, zusammen mit anderen Diensten, unter anderem zur Gr\u00fcndung der evangelischen Vers\u00f6hnungskirche beigetragen haben.<\/p>\n\n\n\n<h3 class=\"wp-block-heading has-text-align-center has-large-font-size\">Unsere Ziele:<\/h3>\n\n\n\n<p><br>Aufrechterhaltung einer offenen Kommunikationslinie bei der Entwicklung des Netzwerks von Missionsfreunden in Italien.\nF\u00f6rderung des Gebets und der Unterst\u00fctzung f\u00fcr folgende Aktionen:<\/p>\n\n\n\n<ul class=\"wp-block-list\">\n<li>die Verk\u00fcndigung eines ganzheitlichen Evangeliums<\/li>\n\n\n\n<li>die Ausbildung von J\u00fcngern Jesu und neuen Gemeinden<\/li>\n\n\n\n<li>Begleitung von Pastoren und Ausbildung neuer Arbeiter<\/li>\n\n\n\n<li>Hilfe f\u00fcr Kinder, die Opfer von Gewalt und Traumata sind, f\u00fcr Bed\u00fcrftige in Italien und in Entwicklungsl\u00e4ndern, f\u00fcr Fl\u00fcchtlinge, f\u00fcr Opfer von Erdbeben und Naturkatastrophen<\/li>\n\n\n\n<li>Initiativen zur Erleichterung der Anerkennung, des Dialogs und der Gemeinschaft zwischen Br\u00fcdern und Schwestern in Christus verschiedener Konfessionen<\/li>\n\n\n\n<li>Aktivit\u00e4ten mit dem Ziel der Vers\u00f6hnung zwischen Menschen und Gott, zwischen den Br\u00fcdern verschiedener christlicher Bewegungen und in der Welt<\/li>\n<\/ul>","protected":false},"excerpt":{"rendered":"<p>L\u2019acronimo EMIMEI significaEvangelisches Missionswerk in Italien, Mission Evang\u00e9lique en Italie,Evangelical Mission in Italy, Missione Evangelica in Italia.L\u2019associazione \u00e8 composta da amici dell\u2019opera del Signore in Italia che hanno seguito le avventure della coppia Bretscher dagli anni \u201960 e che, insieme ad altri ministeri, hanno contribuito, tra le altre cose, alla nascita della Chiesa Evangelica della&#8230;<\/p>","protected":false},"author":1,"featured_media":0,"parent":0,"menu_order":0,"comment_status":"closed","ping_status":"closed","template":"","meta":{"give_campaign_id":0,"_kad_post_transparent":"","_kad_post_title":"hide","_kad_post_layout":"","_kad_post_sidebar_id":"","_kad_post_content_style":"","_kad_post_vertical_padding":"","_kad_post_feature":"","_kad_post_feature_position":"","_kad_post_header":false,"_kad_post_footer":false,"_kad_post_classname":"","footnotes":""},"class_list":["post-1655","page","type-page","status-publish","hentry"],"campaignId":"0","_links":{"self":[{"href":"https:\/\/emimei.com\/de\/wp-json\/wp\/v2\/pages\/1655","targetHints":{"allow":["GET"]}}],"collection":[{"href":"https:\/\/emimei.com\/de\/wp-json\/wp\/v2\/pages"}],"about":[{"href":"https:\/\/emimei.com\/de\/wp-json\/wp\/v2\/types\/page"}],"author":[{"embeddable":true,"href":"https:\/\/emimei.com\/de\/wp-json\/wp\/v2\/users\/1"}],"replies":[{"embeddable":true,"href":"https:\/\/emimei.com\/de\/wp-json\/wp\/v2\/comments?post=1655"}],"version-history":[{"count":13,"href":"https:\/\/emimei.com\/de\/wp-json\/wp\/v2\/pages\/1655\/revisions"}],"predecessor-version":[{"id":1720,"href":"https:\/\/emimei.com\/de\/wp-json\/wp\/v2\/pages\/1655\/revisions\/1720"}],"wp:attachment":[{"href":"https:\/\/emimei.com\/de\/wp-json\/wp\/v2\/media?parent=1655"}],"curies":[{"name":"wp","href":"https:\/\/api.w.org\/{rel}","templated":true}]}}