{"id":40,"date":"2025-01-01T00:00:00","date_gmt":"2024-12-31T23:00:00","guid":{"rendered":"https:\/\/emimei.org\/?page_id=5"},"modified":"2026-04-04T14:24:13","modified_gmt":"2026-04-04T12:24:13","slug":"donazioni","status":"publish","type":"page","link":"https:\/\/emimei.com\/fr\/donazioni\/","title":{"rendered":"Donazioni"},"content":{"rendered":"<style>.kb-row-layout-id40_3a536f-5c > .kt-row-column-wrap{align-content:start;}:where(.kb-row-layout-id40_3a536f-5c > .kt-row-column-wrap) > .wp-block-kadence-column{justify-content:start;}.kb-row-layout-id40_3a536f-5c > .kt-row-column-wrap{column-gap:var(--global-kb-gap-md, 2rem);row-gap:var(--global-kb-gap-md, 2rem);grid-template-columns:minmax(0, 1fr);}.kb-row-layout-id40_3a536f-5c{background-color:#1B2A4A;}.kb-row-layout-id40_3a536f-5c > .kt-row-layout-overlay{opacity:0.30;}@media all and (max-width: 1024px){.kb-row-layout-id40_3a536f-5c > .kt-row-column-wrap{grid-template-columns:minmax(0, 1fr);}}@media all and (max-width: 767px){.kb-row-layout-id40_3a536f-5c > .kt-row-column-wrap{grid-template-columns:minmax(0, 1fr);}}<\/style><div class=\"kb-row-layout-wrap kb-row-layout-id40_3a536f-5c alignnone kt-row-has-bg wp-block-kadence-rowlayout bg-navy wp-block-kadence-rowlayout\"><div class=\"kt-row-column-wrap kt-has-1-columns kt-row-layout-equal kt-tab-layout-inherit kt-mobile-layout-row kt-row-valign-top\">\n\n<p class=\"eyebrow\">Votre contribution<\/p>\n\n\n\n<h1 class=\"wp-block-heading has-white-color has-text-color\">Dona ora<\/h1>\n\n<\/div><\/div>\n\n<style>.kb-row-layout-id40_11982c-62 > .kt-row-column-wrap{align-content:start;}:where(.kb-row-layout-id40_11982c-62 > .kt-row-column-wrap) > .wp-block-kadence-column{justify-content:start;}.kb-row-layout-id40_11982c-62 > .kt-row-column-wrap{column-gap:var(--global-kb-gap-md, 2rem);row-gap:var(--global-kb-gap-md, 2rem);grid-template-columns:minmax(0, 1fr);}.kb-row-layout-id40_11982c-62{background-color:#FFFFFF;}.kb-row-layout-id40_11982c-62 > .kt-row-layout-overlay{opacity:0.30;}@media all and (max-width: 1024px){.kb-row-layout-id40_11982c-62 > .kt-row-column-wrap{grid-template-columns:minmax(0, 1fr);}}@media all and (max-width: 767px){.kb-row-layout-id40_11982c-62 > .kt-row-column-wrap{grid-template-columns:minmax(0, 1fr);}}<\/style><div class=\"kb-row-layout-wrap kb-row-layout-id40_11982c-62 alignnone kt-row-has-bg wp-block-kadence-rowlayout wp-block-kadence-rowlayout\"><div class=\"kt-row-column-wrap kt-has-1-columns kt-row-layout-equal kt-tab-layout-inherit kt-mobile-layout-row kt-row-valign-top\">\n\n<h2 class=\"wp-block-heading\">Projets financ\u00e9s gr\u00e2ce \u00e0 vos dons<\/h2>\n\n\n\n<ul class=\"wp-block-list\">\n<li>Centro EMMAUS \u2013 Roccella Jonica \u2013 Calabria<\/li>\n\n\n\n<li>\u00c9vang\u00e9lisation par la t\u00e9l\u00e9vision<\/li>\n\n\n\n<li>\u00c9vang\u00e9lisation dans les h\u00f4pitaux<\/li>\n\n\n\n<li>\u00c9vang\u00e9lisation dans les prisons<\/li>\n\n\n\n<li>\u00c9vang\u00e9lisation : supports d'\u00e9vang\u00e9lisation (impression de brochures et de livres, \u00e9laboration de programmes sur les r\u00e9seaux sociaux)<\/li>\n\n\n\n<li>Scuola Arca di No\u00e8<\/li>\n\n\n\n<li>Projets humanitaires<\/li>\n\n\n\n<li>Mission : contribution au soutien de jeunes missionnaires et pasteurs en difficult\u00e9<\/li>\n<\/ul>\n\n\n\n<p class=\"has-large-font-size\"><p class=\"has-large-font-size\" style=\"text-align:center;font-style:italic;color:#1B2A4A;margin:32px 0\"><strong>Chaque don renforce nos diff\u00e9rents minist\u00e8res. Nous vous remercions du fond du c\u0153ur pour votre g\u00e9n\u00e9rosit\u00e9.<\/strong><\/p><\/p>\n\n\n\n<hr class=\"wp-block-separator has-text-color has-emimei-gold-color has-alpha-channel-opacity has-emimei-gold-background-color has-background is-style-wide\"\/>\n\n\n\n<h2 class=\"wp-block-heading\">Come effettuare la donazione<\/h2>\n\n\n\n<p>Pour effectuer des virements aux Projets,\nvous trouverez les coordonn\u00e9es du compte bancaire de EMIMEI ci-dessous :<\/p>\n\n\n\n<p>Nel campo <strong>\u00abCausale\u00bb<\/strong> potete indicare il progetto specifico della vostra donazione.<br>Veuillez \u00e9galement indiquer votre adresse e-mail afin que nous puissions vous envoyer le re\u00e7u de votre don.<\/p>\n\n\n\n<p><strong>Merci !<\/strong><\/p>\n\n\n\n<hr class=\"wp-block-separator has-css-opacity is-style-wide\"\/>\n\n\n\n<h3 class=\"wp-block-heading\">Per ulteriori informazioni<\/h3>\n\n<\/div><\/div>","protected":false},"excerpt":{"rendered":"<p>Il vostro contributo Dona ora Progetti sostenuti dalle vostre donazioni Ogni donazione rinforza i nostri diversi ministeri. Vi ringraziamo di vero cuore per la vostra generosit\u00e0. Come effettuare la donazione Per effettuare bonifici ai Progetti, troverete di seguito i dettagli del conto bancario di EMIMEI: Nel campo \u00abCausale\u00bb potete indicare il progetto specifico della vostra&#8230;<\/p>","protected":false},"author":1,"featured_media":0,"parent":0,"menu_order":4,"comment_status":"closed","ping_status":"closed","template":"","meta":{"give_campaign_id":0,"_kad_post_transparent":"","_kad_post_title":"","_kad_post_layout":"","_kad_post_sidebar_id":"","_kad_post_content_style":"","_kad_post_vertical_padding":"","_kad_post_feature":"","_kad_post_feature_position":"","_kad_post_header":false,"_kad_post_footer":false,"_kad_post_classname":"","footnotes":""},"class_list":["post-40","page","type-page","status-publish","hentry"],"campaignId":"","_links":{"self":[{"href":"https:\/\/emimei.com\/fr\/wp-json\/wp\/v2\/pages\/40","targetHints":{"allow":["GET"]}}],"collection":[{"href":"https:\/\/emimei.com\/fr\/wp-json\/wp\/v2\/pages"}],"about":[{"href":"https:\/\/emimei.com\/fr\/wp-json\/wp\/v2\/types\/page"}],"author":[{"embeddable":true,"href":"https:\/\/emimei.com\/fr\/wp-json\/wp\/v2\/users\/1"}],"replies":[{"embeddable":true,"href":"https:\/\/emimei.com\/fr\/wp-json\/wp\/v2\/comments?post=40"}],"version-history":[{"count":1,"href":"https:\/\/emimei.com\/fr\/wp-json\/wp\/v2\/pages\/40\/revisions"}],"predecessor-version":[{"id":1620,"href":"https:\/\/emimei.com\/fr\/wp-json\/wp\/v2\/pages\/40\/revisions\/1620"}],"wp:attachment":[{"href":"https:\/\/emimei.com\/fr\/wp-json\/wp\/v2\/media?parent=40"}],"curies":[{"name":"wp","href":"https:\/\/api.w.org\/{rel}","templated":true}]}}